{"id":144,"date":"2024-12-12T14:25:57","date_gmt":"2024-12-12T11:25:57","guid":{"rendered":"https:\/\/chistiyproduct.com\/?page_id=144"},"modified":"2025-01-28T17:16:48","modified_gmt":"2025-01-28T14:16:48","slug":"online-learning","status":"publish","type":"page","link":"https:\/\/chistiyproduct.com\/esp\/online-learning\/","title":{"rendered":"Formaci\u00f3n en l\u00ednea"},"content":{"rendered":"<section class=\"l-section wpb_row height_medium with_overlay\"><div class=\"l-section-overlay\" style=\"background-color: #326e28\"><\/div><div class=\"l-section-h g-html i-cf\"><div class=\"g-cols offset_small\"><div class=\" one-half\">[vc_custom_heading text=&#187;Formaci\u00f3n en l\u00ednea&#187; font_container=&#187;tag:h2|text_align:left|color:%23ffffff&#187; google_fonts=&#187;font_family:Montserrat%3Aregular%2C700|font_style:700%20bold%20regular%3A700%3Anormal&#187;][vc_custom_heading text=&#187;Chistyi Produkt LLC ofrece una oportunidad \u00fanica para aumentar sus conocimientos y mejorar sus habilidades en el campo del cultivo de ajo a trav\u00e9s de nuestros cursos en l\u00ednea. Nos esforzamos por compartir nuestros muchos a\u00f1os de experiencia y proporcionar valiosos consejos para ayudarle a tener \u00e9xito en el negocio agr\u00edcola.&#187; font_container=&#187;tag:h6|text_align:left|color:%23ffffff&#187; google_fonts=&#187;font_family:Montserrat%3Aregular%2C700|font_style:400%20regular%3A400%3Anormal&#187;]<\/div><div class=\" one-half\"><div class=\"wpb_text_column \"><div class=\"wpb_wrapper\"><div class='formcraftbasic-css' style='margin-left: 0px; width: fit-content'><form ondrop=\"drop(event)\" ondragover=\"allowDrop(event)\" dnd-list=\"Builder.FormElements\" data-id=\"2\" class=\"fcb_form align- frame-visible ng-dirty ng-valid-parse ng-submitted\" style=\"width: 100%; background-color: #326e28; color: #ffffff; font-size: 100%\"><!-- ngRepeat: element in Builder.FormElements --><div ng-class-odd=\"'odd'\" ng-class=\"[&quot;form-element&quot;, &quot;form-element-&quot;+element.elementDefaults.identifier, &quot;options-&quot;+element.show_options, &quot;index-&quot;+element.show_options]\" ng-class-even=\"'even'\" ng-repeat=\"element in Builder.FormElements\" index=\"0\" style=\"width: 100%\" class=\"ng-scope odd form-element form-element-field1 options-false index-false\"><span class=\"error\"><\/span><div ng-click=\"element.show_options = !element.show_options\" class=\"form-element-html\" compile=\"element.element\"><div compile=\"fieldHTMLTemplate.oneLineText\" class=\"ng-scope\"><div class=\"oneLineText-cover field-cover ng-scope\"><span class=\"ng-binding\">Nombre<\/span><div ng-click=\"$event.stopPropagation()\"><input type=\"text\" name=\"field1\" data-min-char=\"\" data-max-char=\"\" data-val-type=\"\" data-is-required=\"true\" data-allow-spaces=\"\" class=\"validation-lenient\"><\/div><\/div><\/div><\/div><\/div><!-- end ngRepeat: element in Builder.FormElements --><div ng-class-odd=\"'odd'\" ng-class=\"[&quot;form-element&quot;, &quot;form-element-&quot;+element.elementDefaults.identifier, &quot;options-&quot;+element.show_options, &quot;index-&quot;+element.show_options]\" ng-class-even=\"'even'\" ng-repeat=\"element in Builder.FormElements\" index=\"1\" style=\"width: 100%\" class=\"ng-scope even form-element form-element-field2 options-false index-false\"><span class=\"error\"><\/span><div ng-click=\"element.show_options = !element.show_options\" class=\"form-element-html\" compile=\"element.element\"><div compile=\"fieldHTMLTemplate.oneLineText\" class=\"ng-scope\"><div class=\"oneLineText-cover field-cover ng-scope\"><span class=\"ng-binding\">Tel\u00e9fono<\/span><div ng-click=\"$event.stopPropagation()\"><input type=\"text\" name=\"field2\" data-min-char=\"\" data-max-char=\"\" data-val-type=\"numbers\" data-is-required=\"true\" data-allow-spaces=\"\" class=\"validation-lenient\"><\/div><\/div><\/div><\/div><\/div><!-- end ngRepeat: element in Builder.FormElements --><div ng-class-odd=\"'odd'\" ng-class=\"[&quot;form-element&quot;, &quot;form-element-&quot;+element.elementDefaults.identifier, &quot;options-&quot;+element.show_options, &quot;index-&quot;+element.show_options]\" ng-class-even=\"'even'\" ng-repeat=\"element in Builder.FormElements\" index=\"2\" style=\"width: 100%\" class=\"ng-scope odd form-element form-element-field3 options-false index-false\"><span class=\"error\"><\/span><div ng-click=\"element.show_options = !element.show_options\" class=\"form-element-html\" compile=\"element.element\"><div compile=\"fieldHTMLTemplate.textarea\" class=\"ng-scope\"><div class=\"textarea-cover field-cover ng-scope\"><span class=\"ng-binding\">Mensaje<\/span><div ng-click=\"$event.stopPropagation()\"><textarea class=\"validation-lenient\" name=\"field3\" value=\"\" rows=\"5\" data-min-char=\"\" data-max-char=\"\" data-is-required=\"false\"><\/textarea><\/div><\/div><\/div><\/div><\/div><!-- end ngRepeat: element in Builder.FormElements --><div ng-class-odd=\"'odd'\" ng-class=\"[&quot;form-element&quot;, &quot;form-element-&quot;+element.elementDefaults.identifier, &quot;options-&quot;+element.show_options, &quot;index-&quot;+element.show_options]\" ng-class-even=\"'even'\" ng-repeat=\"element in Builder.FormElements\" index=\"3\" style=\"width: 100%\" class=\"ng-scope even form-element form-element-field4 options-false index-false\"><span class=\"error\"><\/span><div ng-click=\"element.show_options = !element.show_options\" class=\"form-element-html\" compile=\"element.element\"><div compile=\"fieldHTMLTemplate.submit\" class=\"ng-scope\"><div class=\"wide-false submit-cover field-cover\" style=\"text-align: right\"><button style=\"background-color: #ffffff; color: #000000\" type=\"submit\" class=\"button submit-button\"><span class=\"text ng-binding\">Inscribirse en la formaci\u00f3n<\/span><span class=\"spin-cover\" style=\"border-color: #000000\"><\/span><\/button><\/div><div class=\"submit-response ng-scope\"><\/div><input type=\"text\" class=\"required_field ng-scope\" name=\"website\"><\/div><\/div><\/div><!-- end ngRepeat: element in Builder.FormElements --><\/form><\/div><\/div> <\/div> <\/div><\/div><\/div><\/section><section class=\"l-section wpb_row height_medium\"><div class=\"l-section-h g-html i-cf\"><div class=\"g-cols offset_small\"><div class=\" full-width\">[vc_custom_heading text=&#187;Qu\u00e9 obtendr\u00e1 de la formaci\u00f3n:&#187; font_container=&#187;tag:h3|text_align:left|color:%23326e28&#8243; google_fonts=&#187;font_family:Montserrat%3Aregular%2C700|font_style:700%20bold%20regular%3A700%3Anormal&#187;]<div class=\"g-cols wpb_row offset_small vc_inner \"><div class=\" one-third\"><div class=\"w-iconbox iconpos_left size_small style_default color_custom\"><div class=\"w-iconbox-icon\" style=\"color: #326e28;\"><i class=\"mdfi_action_account_balance\"><\/i><\/div><h4 class=\"w-iconbox-title\">Conocimientos profundos<\/h4><div class=\"w-iconbox-text\">Aprender\u00e1 todos los aspectos del cultivo del ajo: desde la elecci\u00f3n de las semillas hasta la cosecha y el almacenamiento.<\/div><\/div><\/div><div class=\" one-third\"><div class=\"w-iconbox iconpos_left size_small style_default color_custom\"><div class=\"w-iconbox-icon\" style=\"color: #326e28;\"><i class=\"mdfi_action_speaker_notes\"><\/i><\/div><h4 class=\"w-iconbox-title\">Recomendaciones pr\u00e1cticas<\/h4><div class=\"w-iconbox-text\">Le proporcionaremos t\u00e9cnicas probadas de cuidado de las plantas para mantener sus ajos sanos y altamente productivos.<\/div><\/div><\/div><div class=\" one-third\"><div class=\"w-iconbox iconpos_left size_small style_default color_custom\"><div class=\"w-iconbox-icon\" style=\"color: #326e28;\"><i class=\"mdfi_maps_local_florist\"><\/i><\/div><h4 class=\"w-iconbox-title\">Secretos de productividad<\/h4><div class=\"w-iconbox-text\">Nuestros expertos compartir\u00e1n los secretos para aumentar el rendimiento y prevenir los problemas de cultivo m\u00e1s comunes.<\/div><\/div><\/div><\/div><\/div><\/div><\/div><\/section>\n","protected":false},"excerpt":{"rendered":"[vc_custom_heading text=\"Formaci\u00f3n en l\u00ednea\" font_container=\"tag:h2|text_align:left|color:%23ffffff\" google_fonts=\"font_family:Montserrat%3Aregular%2C700|font_style:700%20bold%20regular%3A700%3Anormal\"][vc_custom_heading text=\"Chistyi Produkt LLC ofrece una oportunidad \u00fanica para aumentar sus conocimientos y mejorar sus habilidades en el campo del cultivo de ajo a trav\u00e9s de nuestros cursos en l\u00ednea. Nos esforzamos por compartir nuestros muchos a\u00f1os de experiencia y proporcionar valiosos consejos para ayudarle a tener \u00e9xito en el...","protected":false},"author":1,"featured_media":0,"parent":0,"menu_order":0,"comment_status":"closed","ping_status":"closed","template":"","meta":{"footnotes":""},"class_list":["post-144","page","type-page","status-publish","hentry"],"yoast_head":"<!-- This site is optimized with the Yoast SEO plugin v24.3 - https:\/\/yoast.com\/wordpress\/plugins\/seo\/ -->\n<title>Formaci\u00f3n en l\u00ednea - chistiyproduct<\/title>\n<meta name=\"robots\" content=\"index, follow, max-snippet:-1, max-image-preview:large, max-video-preview:-1\" \/>\n<link rel=\"canonical\" href=\"https:\/\/chistiyproduct.com\/esp\/online-learning\/\" \/>\n<meta property=\"og:locale\" content=\"ru_RU\" \/>\n<meta property=\"og:type\" content=\"article\" \/>\n<meta property=\"og:title\" content=\"Formaci\u00f3n en l\u00ednea - chistiyproduct\" \/>\n<meta property=\"og:url\" content=\"https:\/\/chistiyproduct.com\/esp\/online-learning\/\" \/>\n<meta property=\"og:site_name\" content=\"chistiyproduct\" \/>\n<meta property=\"article:modified_time\" content=\"2025-01-28T14:16:48+00:00\" \/>\n<meta name=\"twitter:card\" content=\"summary_large_image\" \/>\n<meta name=\"twitter:label1\" content=\"\u041f\u0440\u0438\u043c\u0435\u0440\u043d\u043e\u0435 \u0432\u0440\u0435\u043c\u044f \u0434\u043b\u044f \u0447\u0442\u0435\u043d\u0438\u044f\" \/>\n\t<meta name=\"twitter:data1\" content=\"1 \u043c\u0438\u043d\u0443\u0442\u0430\" \/>\n<script type=\"application\/ld+json\" class=\"yoast-schema-graph\">{\"@context\":\"https:\/\/schema.org\",\"@graph\":[{\"@type\":\"WebPage\",\"@id\":\"https:\/\/chistiyproduct.com\/esp\/online-learning\/\",\"url\":\"https:\/\/chistiyproduct.com\/esp\/online-learning\/\",\"name\":\"Formaci\u00f3n en l\u00ednea - chistiyproduct\",\"isPartOf\":{\"@id\":\"https:\/\/chistiyproduct.com\/esp\/#website\"},\"datePublished\":\"2024-12-12T11:25:57+00:00\",\"dateModified\":\"2025-01-28T14:16:48+00:00\",\"breadcrumb\":{\"@id\":\"https:\/\/chistiyproduct.com\/esp\/online-learning\/#breadcrumb\"},\"inLanguage\":\"ru-RU\",\"potentialAction\":[{\"@type\":\"ReadAction\",\"target\":[\"https:\/\/chistiyproduct.com\/esp\/online-learning\/\"]}]},{\"@type\":\"BreadcrumbList\",\"@id\":\"https:\/\/chistiyproduct.com\/esp\/online-learning\/#breadcrumb\",\"itemListElement\":[{\"@type\":\"ListItem\",\"position\":1,\"name\":\"\u0413\u043b\u0430\u0432\u043d\u0430\u044f \u0441\u0442\u0440\u0430\u043d\u0438\u0446\u0430\",\"item\":\"https:\/\/chistiyproduct.com\/esp\/\"},{\"@type\":\"ListItem\",\"position\":2,\"name\":\"Formaci\u00f3n en l\u00ednea\"}]},{\"@type\":\"WebSite\",\"@id\":\"https:\/\/chistiyproduct.com\/esp\/#website\",\"url\":\"https:\/\/chistiyproduct.com\/esp\/\",\"name\":\"chistiyproduct\",\"description\":\"\",\"potentialAction\":[{\"@type\":\"SearchAction\",\"target\":{\"@type\":\"EntryPoint\",\"urlTemplate\":\"https:\/\/chistiyproduct.com\/esp\/?s={search_term_string}\"},\"query-input\":{\"@type\":\"PropertyValueSpecification\",\"valueRequired\":true,\"valueName\":\"search_term_string\"}}],\"inLanguage\":\"ru-RU\"}]}<\/script>\n<!-- \/ Yoast SEO plugin. -->","yoast_head_json":{"title":"Formaci\u00f3n en l\u00ednea - chistiyproduct","robots":{"index":"index","follow":"follow","max-snippet":"max-snippet:-1","max-image-preview":"max-image-preview:large","max-video-preview":"max-video-preview:-1"},"canonical":"https:\/\/chistiyproduct.com\/esp\/online-learning\/","og_locale":"ru_RU","og_type":"article","og_title":"Formaci\u00f3n en l\u00ednea - chistiyproduct","og_url":"https:\/\/chistiyproduct.com\/esp\/online-learning\/","og_site_name":"chistiyproduct","article_modified_time":"2025-01-28T14:16:48+00:00","twitter_card":"summary_large_image","twitter_misc":{"\u041f\u0440\u0438\u043c\u0435\u0440\u043d\u043e\u0435 \u0432\u0440\u0435\u043c\u044f \u0434\u043b\u044f \u0447\u0442\u0435\u043d\u0438\u044f":"1 \u043c\u0438\u043d\u0443\u0442\u0430"},"schema":{"@context":"https:\/\/schema.org","@graph":[{"@type":"WebPage","@id":"https:\/\/chistiyproduct.com\/esp\/online-learning\/","url":"https:\/\/chistiyproduct.com\/esp\/online-learning\/","name":"Formaci\u00f3n en l\u00ednea - chistiyproduct","isPartOf":{"@id":"https:\/\/chistiyproduct.com\/esp\/#website"},"datePublished":"2024-12-12T11:25:57+00:00","dateModified":"2025-01-28T14:16:48+00:00","breadcrumb":{"@id":"https:\/\/chistiyproduct.com\/esp\/online-learning\/#breadcrumb"},"inLanguage":"ru-RU","potentialAction":[{"@type":"ReadAction","target":["https:\/\/chistiyproduct.com\/esp\/online-learning\/"]}]},{"@type":"BreadcrumbList","@id":"https:\/\/chistiyproduct.com\/esp\/online-learning\/#breadcrumb","itemListElement":[{"@type":"ListItem","position":1,"name":"\u0413\u043b\u0430\u0432\u043d\u0430\u044f \u0441\u0442\u0440\u0430\u043d\u0438\u0446\u0430","item":"https:\/\/chistiyproduct.com\/esp\/"},{"@type":"ListItem","position":2,"name":"Formaci\u00f3n en l\u00ednea"}]},{"@type":"WebSite","@id":"https:\/\/chistiyproduct.com\/esp\/#website","url":"https:\/\/chistiyproduct.com\/esp\/","name":"chistiyproduct","description":"","potentialAction":[{"@type":"SearchAction","target":{"@type":"EntryPoint","urlTemplate":"https:\/\/chistiyproduct.com\/esp\/?s={search_term_string}"},"query-input":{"@type":"PropertyValueSpecification","valueRequired":true,"valueName":"search_term_string"}}],"inLanguage":"ru-RU"}]}},"_links":{"self":[{"href":"https:\/\/chistiyproduct.com\/esp\/wp-json\/wp\/v2\/pages\/144","targetHints":{"allow":["GET"]}}],"collection":[{"href":"https:\/\/chistiyproduct.com\/esp\/wp-json\/wp\/v2\/pages"}],"about":[{"href":"https:\/\/chistiyproduct.com\/esp\/wp-json\/wp\/v2\/types\/page"}],"author":[{"embeddable":true,"href":"https:\/\/chistiyproduct.com\/esp\/wp-json\/wp\/v2\/users\/1"}],"replies":[{"embeddable":true,"href":"https:\/\/chistiyproduct.com\/esp\/wp-json\/wp\/v2\/comments?post=144"}],"version-history":[{"count":2,"href":"https:\/\/chistiyproduct.com\/esp\/wp-json\/wp\/v2\/pages\/144\/revisions"}],"predecessor-version":[{"id":212,"href":"https:\/\/chistiyproduct.com\/esp\/wp-json\/wp\/v2\/pages\/144\/revisions\/212"}],"wp:attachment":[{"href":"https:\/\/chistiyproduct.com\/esp\/wp-json\/wp\/v2\/media?parent=144"}],"curies":[{"name":"wp","href":"https:\/\/api.w.org\/{rel}","templated":true}]}}