{"id":86,"date":"2024-11-21T12:48:10","date_gmt":"2024-11-21T09:48:10","guid":{"rendered":"https:\/\/chistiyproduct.com\/?page_id=86"},"modified":"2025-01-28T16:47:21","modified_gmt":"2025-01-28T13:47:21","slug":"order","status":"publish","type":"page","link":"https:\/\/chistiyproduct.com\/esp\/order\/","title":{"rendered":"Pida"},"content":{"rendered":"<section class=\"l-section wpb_row height_medium with_img\"><div class=\"l-section-img\" style=\"background-image: url(https:\/\/chistiyproduct.com\/esp\/wp-content\/uploads\/2025\/01\/bg_forms.jpg);\" data-img-width=\"2250\" data-img-height=\"921\"><\/div><div class=\"l-section-h g-html i-cf\"><div class=\"g-cols offset_small\"><div class=\" one-half\"><div class=\"ult-content-box-container \" >\t\t<div class=\"ult-content-box\" style=\"background-color:#a3c0a0;box-shadow: px px px px none;border-style:hidden;border-radius:20px;padding:25px;-webkit-transition: all 700ms ease;-moz-transition: all 700ms ease;-ms-transition: all 700ms ease;-o-transition: all 700ms ease;transition: all 700ms ease;\"  data-hover_box_shadow=\"none\"     data-bg=\"#a3c0a0\"  data-border_color=\"\" >[vc_custom_heading text=&#187;P\u00f3ngase en contacto con nosotros&#187; font_container=&#187;tag:h1|text_align:left|color:%230a0a0a&#187; google_fonts=&#187;font_family:Montserrat%3Aregular%2C700|font_style:700%20bold%20regular%3A700%3Anormal&#187;][vc_custom_heading text=&#187;Siempre estamos dispuestos a ayudarle a tomar la decisi\u00f3n correcta. Nuestros expertos le proporcionar\u00e1n informaci\u00f3n exhaustiva sobre las variedades de ajo, seleccionar\u00e1n las mejores soluciones para su explotaci\u00f3n y responder\u00e1n a todas sus preguntas.&#187; font_container=&#187;tag:h6|text_align:left|color:%230a0a0a&#187; google_fonts=&#187;font_family:Montserrat%3Aregular%2C700|font_style:400%20regular%3A400%3Anormal&#187;]<div class=\"wpb_text_column \"><div class=\"wpb_wrapper\"><div class='formcraftbasic-css' style='margin-left: 0px; width: fit-content'><form ondrop=\"drop(event)\" ondragover=\"allowDrop(event)\" dnd-list=\"Builder.FormElements\" data-id=\"1\" class=\"fcb_form align- frame-visible ng-dirty ng-valid-parse\" style=\"width: 100%; background-color: ; color: #666666; font-size: 100%\"><!-- ngRepeat: element in Builder.FormElements --><div ng-class-odd=\"'odd'\" ng-class=\"[&quot;form-element&quot;, &quot;form-element-&quot;+element.elementDefaults.identifier, &quot;options-&quot;+element.show_options, &quot;index-&quot;+element.show_options]\" ng-class-even=\"'even'\" ng-repeat=\"element in Builder.FormElements\" index=\"0\" style=\"width: 100%\" class=\"ng-scope odd form-element form-element-field1 options-false index-false\"><span class=\"error\"><\/span><div ng-click=\"element.show_options = !element.show_options\" class=\"form-element-html\" compile=\"element.element\"><div compile=\"fieldHTMLTemplate.oneLineText\" class=\"ng-scope\"><div class=\"oneLineText-cover field-cover ng-scope\"><span class=\"ng-binding\">Nombre<\/span><div ng-click=\"$event.stopPropagation()\"><input type=\"text\" name=\"field1\" data-min-char=\"\" data-max-char=\"\" data-val-type=\"\" data-is-required=\"false\" data-allow-spaces=\"\" class=\"validation-lenient\"><\/div><\/div><\/div><\/div><\/div><!-- end ngRepeat: element in Builder.FormElements --><div ng-class-odd=\"'odd'\" ng-class=\"[&quot;form-element&quot;, &quot;form-element-&quot;+element.elementDefaults.identifier, &quot;options-&quot;+element.show_options, &quot;index-&quot;+element.show_options]\" ng-class-even=\"'even'\" ng-repeat=\"element in Builder.FormElements\" index=\"1\" style=\"width: 100%\" class=\"ng-scope even form-element form-element-field2 options-false index-false\"><span class=\"error\"><\/span><div ng-click=\"element.show_options = !element.show_options\" class=\"form-element-html\" compile=\"element.element\"><div compile=\"fieldHTMLTemplate.oneLineText\" class=\"ng-scope\"><div class=\"oneLineText-cover field-cover ng-scope\"><span class=\"ng-binding\">Tel\u00e9fono<\/span><div ng-click=\"$event.stopPropagation()\"><input type=\"text\" name=\"field2\" data-min-char=\"\" data-max-char=\"\" data-val-type=\"numbers\" data-is-required=\"true\" data-allow-spaces=\"\" class=\"validation-lenient\"><\/div><\/div><\/div><\/div><\/div><!-- end ngRepeat: element in Builder.FormElements --><div ng-class-odd=\"'odd'\" ng-class=\"[&quot;form-element&quot;, &quot;form-element-&quot;+element.elementDefaults.identifier, &quot;options-&quot;+element.show_options, &quot;index-&quot;+element.show_options]\" ng-class-even=\"'even'\" ng-repeat=\"element in Builder.FormElements\" index=\"2\" style=\"width: 100%\" class=\"ng-scope odd form-element form-element-field3 options-false index-false\"><span class=\"error\"><\/span><div ng-click=\"element.show_options = !element.show_options\" class=\"form-element-html\" compile=\"element.element\"><div compile=\"fieldHTMLTemplate.submit\" class=\"ng-scope\"><div class=\"wide-false submit-cover field-cover\" style=\"text-align: right\"><button style=\"background-color: #326e28; color: #ffffff\" type=\"submit\" class=\"button submit-button\"><span class=\"text ng-binding\">\u0415nviar<\/span><span class=\"spin-cover\" style=\"border-color: #ffffff\"><\/span><\/button><\/div><div class=\"submit-response ng-scope\"><\/div><input type=\"text\" class=\"required_field ng-scope\" name=\"website\"><\/div><\/div><\/div><!-- end ngRepeat: element in Builder.FormElements --><\/form><\/div><\/div> <\/div> \t\t<\/div><\/div><\/div><div class=\" one-half\"><\/div><\/div><\/div><\/section>\n","protected":false},"excerpt":{"rendered":"[vc_custom_heading text=\"P\u00f3ngase en contacto con nosotros\" font_container=\"tag:h1|text_align:left|color:%230a0a0a\" google_fonts=\"font_family:Montserrat%3Aregular%2C700|font_style:700%20bold%20regular%3A700%3Anormal\"][vc_custom_heading text=\"Siempre estamos dispuestos a ayudarle a tomar la decisi\u00f3n correcta. Nuestros expertos le proporcionar\u00e1n informaci\u00f3n exhaustiva sobre las variedades de ajo, seleccionar\u00e1n las mejores soluciones para su explotaci\u00f3n y responder\u00e1n a todas sus preguntas.\" font_container=\"tag:h6|text_align:left|color:%230a0a0a\" google_fonts=\"font_family:Montserrat%3Aregular%2C700|font_style:400%20regular%3A400%3Anormal\"]NombreTel\u00e9fono\u0415nviar","protected":false},"author":1,"featured_media":0,"parent":0,"menu_order":0,"comment_status":"closed","ping_status":"closed","template":"","meta":{"footnotes":""},"class_list":["post-86","page","type-page","status-publish","hentry"],"yoast_head":"<!-- This site is optimized with the Yoast SEO plugin v24.3 - https:\/\/yoast.com\/wordpress\/plugins\/seo\/ -->\n<title>Pida - chistiyproduct<\/title>\n<meta name=\"robots\" content=\"index, follow, max-snippet:-1, max-image-preview:large, max-video-preview:-1\" \/>\n<link rel=\"canonical\" href=\"https:\/\/chistiyproduct.com\/esp\/order\/\" \/>\n<meta property=\"og:locale\" content=\"ru_RU\" \/>\n<meta property=\"og:type\" content=\"article\" \/>\n<meta property=\"og:title\" content=\"Pida - chistiyproduct\" \/>\n<meta property=\"og:url\" content=\"https:\/\/chistiyproduct.com\/esp\/order\/\" \/>\n<meta property=\"og:site_name\" content=\"chistiyproduct\" \/>\n<meta property=\"article:modified_time\" content=\"2025-01-28T13:47:21+00:00\" \/>\n<meta name=\"twitter:card\" content=\"summary_large_image\" \/>\n<meta name=\"twitter:label1\" content=\"\u041f\u0440\u0438\u043c\u0435\u0440\u043d\u043e\u0435 \u0432\u0440\u0435\u043c\u044f \u0434\u043b\u044f \u0447\u0442\u0435\u043d\u0438\u044f\" \/>\n\t<meta name=\"twitter:data1\" content=\"1 \u043c\u0438\u043d\u0443\u0442\u0430\" \/>\n<script type=\"application\/ld+json\" class=\"yoast-schema-graph\">{\"@context\":\"https:\/\/schema.org\",\"@graph\":[{\"@type\":\"WebPage\",\"@id\":\"https:\/\/chistiyproduct.com\/esp\/order\/\",\"url\":\"https:\/\/chistiyproduct.com\/esp\/order\/\",\"name\":\"Pida - chistiyproduct\",\"isPartOf\":{\"@id\":\"https:\/\/chistiyproduct.com\/esp\/#website\"},\"datePublished\":\"2024-11-21T09:48:10+00:00\",\"dateModified\":\"2025-01-28T13:47:21+00:00\",\"breadcrumb\":{\"@id\":\"https:\/\/chistiyproduct.com\/esp\/order\/#breadcrumb\"},\"inLanguage\":\"ru-RU\",\"potentialAction\":[{\"@type\":\"ReadAction\",\"target\":[\"https:\/\/chistiyproduct.com\/esp\/order\/\"]}]},{\"@type\":\"BreadcrumbList\",\"@id\":\"https:\/\/chistiyproduct.com\/esp\/order\/#breadcrumb\",\"itemListElement\":[{\"@type\":\"ListItem\",\"position\":1,\"name\":\"\u0413\u043b\u0430\u0432\u043d\u0430\u044f \u0441\u0442\u0440\u0430\u043d\u0438\u0446\u0430\",\"item\":\"https:\/\/chistiyproduct.com\/esp\/\"},{\"@type\":\"ListItem\",\"position\":2,\"name\":\"Pida\"}]},{\"@type\":\"WebSite\",\"@id\":\"https:\/\/chistiyproduct.com\/esp\/#website\",\"url\":\"https:\/\/chistiyproduct.com\/esp\/\",\"name\":\"chistiyproduct\",\"description\":\"\",\"potentialAction\":[{\"@type\":\"SearchAction\",\"target\":{\"@type\":\"EntryPoint\",\"urlTemplate\":\"https:\/\/chistiyproduct.com\/esp\/?s={search_term_string}\"},\"query-input\":{\"@type\":\"PropertyValueSpecification\",\"valueRequired\":true,\"valueName\":\"search_term_string\"}}],\"inLanguage\":\"ru-RU\"}]}<\/script>\n<!-- \/ Yoast SEO plugin. -->","yoast_head_json":{"title":"Pida - chistiyproduct","robots":{"index":"index","follow":"follow","max-snippet":"max-snippet:-1","max-image-preview":"max-image-preview:large","max-video-preview":"max-video-preview:-1"},"canonical":"https:\/\/chistiyproduct.com\/esp\/order\/","og_locale":"ru_RU","og_type":"article","og_title":"Pida - chistiyproduct","og_url":"https:\/\/chistiyproduct.com\/esp\/order\/","og_site_name":"chistiyproduct","article_modified_time":"2025-01-28T13:47:21+00:00","twitter_card":"summary_large_image","twitter_misc":{"\u041f\u0440\u0438\u043c\u0435\u0440\u043d\u043e\u0435 \u0432\u0440\u0435\u043c\u044f \u0434\u043b\u044f \u0447\u0442\u0435\u043d\u0438\u044f":"1 \u043c\u0438\u043d\u0443\u0442\u0430"},"schema":{"@context":"https:\/\/schema.org","@graph":[{"@type":"WebPage","@id":"https:\/\/chistiyproduct.com\/esp\/order\/","url":"https:\/\/chistiyproduct.com\/esp\/order\/","name":"Pida - chistiyproduct","isPartOf":{"@id":"https:\/\/chistiyproduct.com\/esp\/#website"},"datePublished":"2024-11-21T09:48:10+00:00","dateModified":"2025-01-28T13:47:21+00:00","breadcrumb":{"@id":"https:\/\/chistiyproduct.com\/esp\/order\/#breadcrumb"},"inLanguage":"ru-RU","potentialAction":[{"@type":"ReadAction","target":["https:\/\/chistiyproduct.com\/esp\/order\/"]}]},{"@type":"BreadcrumbList","@id":"https:\/\/chistiyproduct.com\/esp\/order\/#breadcrumb","itemListElement":[{"@type":"ListItem","position":1,"name":"\u0413\u043b\u0430\u0432\u043d\u0430\u044f \u0441\u0442\u0440\u0430\u043d\u0438\u0446\u0430","item":"https:\/\/chistiyproduct.com\/esp\/"},{"@type":"ListItem","position":2,"name":"Pida"}]},{"@type":"WebSite","@id":"https:\/\/chistiyproduct.com\/esp\/#website","url":"https:\/\/chistiyproduct.com\/esp\/","name":"chistiyproduct","description":"","potentialAction":[{"@type":"SearchAction","target":{"@type":"EntryPoint","urlTemplate":"https:\/\/chistiyproduct.com\/esp\/?s={search_term_string}"},"query-input":{"@type":"PropertyValueSpecification","valueRequired":true,"valueName":"search_term_string"}}],"inLanguage":"ru-RU"}]}},"_links":{"self":[{"href":"https:\/\/chistiyproduct.com\/esp\/wp-json\/wp\/v2\/pages\/86","targetHints":{"allow":["GET"]}}],"collection":[{"href":"https:\/\/chistiyproduct.com\/esp\/wp-json\/wp\/v2\/pages"}],"about":[{"href":"https:\/\/chistiyproduct.com\/esp\/wp-json\/wp\/v2\/types\/page"}],"author":[{"embeddable":true,"href":"https:\/\/chistiyproduct.com\/esp\/wp-json\/wp\/v2\/users\/1"}],"replies":[{"embeddable":true,"href":"https:\/\/chistiyproduct.com\/esp\/wp-json\/wp\/v2\/comments?post=86"}],"version-history":[{"count":1,"href":"https:\/\/chistiyproduct.com\/esp\/wp-json\/wp\/v2\/pages\/86\/revisions"}],"predecessor-version":[{"id":195,"href":"https:\/\/chistiyproduct.com\/esp\/wp-json\/wp\/v2\/pages\/86\/revisions\/195"}],"wp:attachment":[{"href":"https:\/\/chistiyproduct.com\/esp\/wp-json\/wp\/v2\/media?parent=86"}],"curies":[{"name":"wp","href":"https:\/\/api.w.org\/{rel}","templated":true}]}}